{"id":1213,"date":"2025-04-28T10:35:27","date_gmt":"2025-04-28T08:35:27","guid":{"rendered":"https:\/\/www.seniadedonpedro.com\/politica-de-cookies\/"},"modified":"2025-05-15T16:29:38","modified_gmt":"2025-05-15T14:29:38","slug":"politica-de-cookies","status":"publish","type":"page","link":"https:\/\/www.seniadedonpedro.com\/en\/politica-de-cookies\/","title":{"rendered":"POL\u00cdTICA DE COOKIES"},"content":{"rendered":"\n<p>Des Ricard Rallo desitgem informar que la nostra p\u00e0gina web fa servir cookies per analitzar la navegaci\u00f3 d\u2019usuaris. Les cookies s\u00f3n uns arxius que s\u2019instal\u00b7len a l\u2019equip des del qual s\u2019accedeix a la nostra web amb les finalitats que es descriuen en aquesta p\u00e0gina. Les aplicacions que utilitzem per obtenir i analitzar la informaci\u00f3 de la navegaci\u00f3 s\u00f3n:  <\/p>\n\n<h3 class=\"wp-block-heading\">Cookies Propies<\/h3>\n\n<p>Perqu\u00e8 puguis navegar correctament per www.seniadedonpedro.com i, entre altres coses, se\u2019ls permeti emmagatzemar i recuperar informaci\u00f3 sobre el teu navegaci\u00f3, utilitzem dos tipus de cookies:<\/p>\n\n<p><strong>Cookies t\u00e8cniques:<\/strong> Utilitzem un tipus cookies que permet el funcionament b\u00e0sic de la web i s\u00f3n imprescindibles per controlar el tr\u00e0nsit i la comunicaci\u00f3 de dades, identificar la sessi\u00f3, recordar els elements que integren una comanda, realitzar el proc\u00e9s de compra, etc. La cookie PHPSESSID que pots veure a la configuraci\u00f3 del teu navegador \u00e9s una cookie t\u00e8cnica. <\/p>\n\n<p><strong>Cookies d\u2019an\u00e0lisi i personalitzaci\u00f3:<\/strong> Utilitzem cookies que ens permeten identificar els usuaris recurrents per poder analitzar l\u2019\u00fas que fan del web i personalitzar la seva experi\u00e8ncia. La cookie uid que pots veure a la configuraci\u00f3 del teu navegador \u00e9s una cookie d\u2019an\u00e0lisi i personalitzaci\u00f3. <\/p>\n\n<h3 class=\"wp-block-heading\">Cookies de Tercers<\/h3>\n\n<h4 class=\"wp-block-heading\">Cookies d\u2019an\u00e0lisi:<\/h4>\n\n<p><strong>Google Analytics<\/strong><br\/>\u00c9s l\u2019aplicaci\u00f3 que utilitzem per obtenir i analitzar estad\u00edstiques d\u2019\u00fas de www.seniadedonpedro.com. D\u2019acord amb la seva <a href=\"https:\/\/www.google.com\/analytics\/learn\/privacy.html?hl=es\" target=\"_blank\" rel=\"noreferrer noopener\">pol\u00edtica de privacitat<\/a>, Google pot utilitzar aquestes dades per millorar els seus propis serveis i per oferir serveis a altres empreses. Google Analytics NO emmagatzema noms, cognoms, emails, ni adreces postals. El tipus d\u2019informaci\u00f3 emmagatzemada inclou idioma, localitzaci\u00f3 (a nivell de ciutat), freq\u00fc\u00e8ncia i reincid\u00e8ncia de les visites, temps de visita, navegador i sistema operatiu, origen de la visita, etc. En www.jaumeoliveras.com utilitzem aquesta informaci\u00f3 per millorar cont\u00ednuament la nostra web. Les cookies __utma, __utmb, __utmc i __utmz que pots veure a la configuraci\u00f3 del teu navegador s\u00f3n de Google Analytics. L\u2019empresa prove\u00efdora d\u2019aquesta cookie \u00e9s Google.      <\/p>\n\n<h4 class=\"wp-block-heading\">Cookies de Publicitat:<\/h4>\n\n<p><strong>Google Adwords<\/strong> \u00e9s l\u2019eina de Google que permet publicar anuncis al seu cercador. Les cookies de Google Adwords ens permeten mesurar l\u2019\u00e8xit de les nostres campanyes publicit\u00e0ries, calculant l\u2019import de les vendes generat per cada campanya. La cookie __ar_v4 que pots veure a la configuraci\u00f3 del teu navegador \u00e9s de Google Adwords. L\u2019empresa prove\u00efdora d\u2019aquesta cookie \u00e9s Google.   <\/p>\n\n<p><strong>Google Shopping Review<\/strong><br\/>\u00e9s l\u2019eina de Google que permet afegir puntuacions de productes que es mostren mitjan\u00e7ant un sistema de valoraci\u00f3 d\u20191 a 5 estrelles i un recompte de el nombre total de ressenyes.<\/p>\n\n<p><strong>Remarketing din\u00e0mic de Google<\/strong> \u00e9s l\u2019eina que permet mostrar anuncis a la xarxa de display de Google a visitants del nostre lloc web. L\u2019empresa prove\u00efdora d\u2019aquesta cookie \u00e9s Google. <\/p>\n\n<p><strong>Facebook.<\/strong><br\/>A trav\u00e9s de les cookies de Facebook podem, publicar anuncis i mesurar l\u2019efectivitat de les nostres campanyes publicit\u00e0ries sobre els usuaris de Facebook, calculant l\u2019import de les vendes generat per cada campanya. L\u2019empresa prove\u00efdora d\u2019aquestes cookies \u00e9s Facebook <\/p>\n\n<p><strong>Twitter.<\/strong> A trav\u00e9s de les cookies de Twitter podem, publicar anuncis i mesurar l\u2019efectivitat de les nostres campanyes publicit\u00e0ries sobre els usuaris de Twitter, calculant l\u2019import de les vendes generat per cada campanya. L\u2019empresa prove\u00efdora d\u2019aquestes cookies \u00e9s Twitter <\/p>\n\n<p>Aquestes aplicacions han estat desenvolupades per tercers, que ens presten serveis d\u2019an\u00e0lisi de l\u2019audi\u00e8ncia de la nostra p\u00e0gina i de publicitat. Aquestes empreses poden utilitzar aquestes dades per millorar els seus propis serveis i per oferir serveis a altres empreses. Es poden con\u00e8ixer aquests altres usos des dels enlla\u00e7os indicats.  <\/p>\n\n<p>Aquestes eines no obtenen dades dels noms o cognoms dels usuaris ni de l\u2019adre\u00e7a postal des d\u2019on es connecten. La informaci\u00f3 que obtenen est\u00e0 relacionada per exemple amb el nombre de p\u00e0gines visites, l\u2019idioma, xarxa social en la qual es publiquen les nostres not\u00edcies, la ciutat a la qual est\u00e0 assignada l\u2019adre\u00e7a IP des de la qual accedeixen els usuaris, el nombre d\u2019usuaris que ens visiten, la freq\u00fc\u00e8ncia i reincid\u00e8ncia de les visites, el temps de visita, el navegador que fan servir, l\u2019operador o tipus de terminal des del qual es realitza la visita, els productes i les categories m\u00e9s visitades. <\/p>\n\n<p>Aquesta informaci\u00f3 la fem servir per millorar la nostra p\u00e0gina, detectar noves necessitats i valorar les millores a introduir amb la finalitat de prestar un millor servei als usuaris que ens visiten. Per permetre, con\u00e8ixer, bloquejar o eliminar les cookies instal\u00b7lades en l\u2019equip pot fer-se mitjan\u00e7ant la configuraci\u00f3 de les opcions de el navegador instal\u00b7lat a l\u2019ordinador. Per exemple es pot trobar informaci\u00f3 sobre com fer-ho en el cas que es faci servir com a navegador:  <\/p>\n\n<p>\u2013<br\/>Pots obtenir m\u00e9s informaci\u00f3 sobre el navegador Firefox des d\u2019aqu\u00ed:<\/p>\n\n<figure class=\"wp-block-embed\"><div class=\"wp-block-embed__wrapper\">\nhttps:\/\/support.mozilla.org\/es\/kb\/habilitar-y-deshabilitar-cookies-sitios-web-rastrear-preferencias?redirectlocale=es&#038;redirectslug=habilitar-y-deshabilitar-cookies-que-los-sitios-we\n<\/div><\/figure>\n\n<p>\u2013<br\/>Pots obtenir m\u00e9s informaci\u00f3 sobre el navegador Chrome des d\u2019aqu\u00ed:<\/p>\n\n<figure class=\"wp-block-embed\"><div class=\"wp-block-embed__wrapper\">\nhttps:\/\/support.google.com\/chrome\/answer\/95647?hl=es\n<\/div><\/figure>\n\n<p>\u2013<br\/>Pots obtenir m\u00e9s informaci\u00f3 sobre el navegador Internet Explorer des d\u2019aqu\u00ed:<\/p>\n\n<figure class=\"wp-block-embed\"><div class=\"wp-block-embed__wrapper\">\nhttps:\/\/support.microsoft.com\/es-es\/help\/17442\/windows-internet-explorer-delete-manage-cookies\n<\/div><\/figure>\n\n<p>\u2013 Pots obtenir m\u00e9s informaci\u00f3 sobre el navegador Safari des d\u2019aqu\u00ed:<\/p>\n\n<figure class=\"wp-block-embed\"><div class=\"wp-block-embed__wrapper\">\nhttps:\/\/support.apple.com\/kb\/PH19214?viewlocale=es_ES&#038;locale=es_ES\n<\/div><\/figure>\n\n<p>\u2013 Pots obtenir m\u00e9s informaci\u00f3 sobre el navegador Opera des d\u2019aqu\u00ed:<\/p>\n\n<p><a href=\"http:\/\/help.opera.com\/Windows\/11.50\/es-ES\/cookies.html\">http:\/\/help.opera.com\/Windows\/<wbr>11.50\/es-ES\/cookies.html<\/wbr><\/a><\/p>\n\n<h2 class=\"wp-block-heading\">Acceptaci\u00f3 d\u2019aquesta pol\u00edtica<\/h2>\n\n<p>Si continues navegant per www.seniadedonpedro.com, considerarem que acceptes aquesta pol\u00edtica de galetes.<\/p>\n","protected":false},"excerpt":{"rendered":"<p>Des Ricard Rallo desitgem informar que la nostra p\u00e0gina web fa servir cookies per analitzar la navegaci\u00f3 d\u2019usuaris. Les cookies s\u00f3n uns arxius que s\u2019instal\u00b7len a<span class=\"excerpt-hellip\"> [\u2026]<\/span><\/p>\n","protected":false},"author":1,"featured_media":0,"parent":0,"menu_order":0,"comment_status":"closed","ping_status":"closed","template":"","meta":{"footnotes":""},"class_list":["post-1213","page","type-page","status-publish","hentry"],"yoast_head":"<!-- This site is optimized with the Yoast SEO plugin v25.0 - https:\/\/yoast.com\/wordpress\/plugins\/seo\/ -->\n<title>POL\u00cdTICA DE COOKIES - Senia de don pedro<\/title>\n<meta name=\"robots\" content=\"index, follow, max-snippet:-1, max-image-preview:large, max-video-preview:-1\" \/>\n<link rel=\"canonical\" href=\"https:\/\/www.seniadedonpedro.com\/en\/politica-de-cookies\/\" \/>\n<meta property=\"og:locale\" content=\"en_US\" \/>\n<meta property=\"og:type\" content=\"article\" \/>\n<meta property=\"og:title\" content=\"POL\u00cdTICA DE COOKIES - Senia de don pedro\" \/>\n<meta property=\"og:description\" content=\"Des Ricard Rallo desitgem informar que la nostra p\u00e0gina web fa servir cookies per analitzar la navegaci\u00f3 d\u2019usuaris. Les cookies s\u00f3n uns arxius que s\u2019instal\u00b7len a [\u2026]\" \/>\n<meta property=\"og:url\" content=\"https:\/\/www.seniadedonpedro.com\/en\/politica-de-cookies\/\" \/>\n<meta property=\"og:site_name\" content=\"Senia de don pedro\" \/>\n<meta property=\"article:modified_time\" content=\"2025-05-15T14:29:38+00:00\" \/>\n<meta name=\"twitter:card\" content=\"summary_large_image\" \/>\n<meta name=\"twitter:label1\" content=\"Est. reading time\" \/>\n\t<meta name=\"twitter:data1\" content=\"5 minutes\" \/>\n<script type=\"application\/ld+json\" class=\"yoast-schema-graph\">{\"@context\":\"https:\/\/schema.org\",\"@graph\":[{\"@type\":\"WebPage\",\"@id\":\"https:\/\/www.seniadedonpedro.com\/en\/politica-de-cookies\/\",\"url\":\"https:\/\/www.seniadedonpedro.com\/en\/politica-de-cookies\/\",\"name\":\"POL\u00cdTICA DE COOKIES - Senia de don pedro\",\"isPartOf\":{\"@id\":\"https:\/\/www.seniadedonpedro.com\/en\/#website\"},\"datePublished\":\"2025-04-28T08:35:27+00:00\",\"dateModified\":\"2025-05-15T14:29:38+00:00\",\"breadcrumb\":{\"@id\":\"https:\/\/www.seniadedonpedro.com\/en\/politica-de-cookies\/#breadcrumb\"},\"inLanguage\":\"en-US\",\"potentialAction\":[{\"@type\":\"ReadAction\",\"target\":[\"https:\/\/www.seniadedonpedro.com\/en\/politica-de-cookies\/\"]}]},{\"@type\":\"BreadcrumbList\",\"@id\":\"https:\/\/www.seniadedonpedro.com\/en\/politica-de-cookies\/#breadcrumb\",\"itemListElement\":[{\"@type\":\"ListItem\",\"position\":1,\"name\":\"Home\",\"item\":\"https:\/\/www.seniadedonpedro.com\/en\/home\/\"},{\"@type\":\"ListItem\",\"position\":2,\"name\":\"POL\u00cdTICA DE COOKIES\"}]},{\"@type\":\"WebSite\",\"@id\":\"https:\/\/www.seniadedonpedro.com\/en\/#website\",\"url\":\"https:\/\/www.seniadedonpedro.com\/en\/\",\"name\":\"Senia de don pedro\",\"description\":\"\",\"potentialAction\":[{\"@type\":\"SearchAction\",\"target\":{\"@type\":\"EntryPoint\",\"urlTemplate\":\"https:\/\/www.seniadedonpedro.com\/en\/?s={search_term_string}\"},\"query-input\":{\"@type\":\"PropertyValueSpecification\",\"valueRequired\":true,\"valueName\":\"search_term_string\"}}],\"inLanguage\":\"en-US\"}]}<\/script>\n<!-- \/ Yoast SEO plugin. -->","yoast_head_json":{"title":"POL\u00cdTICA DE COOKIES - Senia de don pedro","robots":{"index":"index","follow":"follow","max-snippet":"max-snippet:-1","max-image-preview":"max-image-preview:large","max-video-preview":"max-video-preview:-1"},"canonical":"https:\/\/www.seniadedonpedro.com\/en\/politica-de-cookies\/","og_locale":"en_US","og_type":"article","og_title":"POL\u00cdTICA DE COOKIES - Senia de don pedro","og_description":"Des Ricard Rallo desitgem informar que la nostra p\u00e0gina web fa servir cookies per analitzar la navegaci\u00f3 d\u2019usuaris. Les cookies s\u00f3n uns arxius que s\u2019instal\u00b7len a [\u2026]","og_url":"https:\/\/www.seniadedonpedro.com\/en\/politica-de-cookies\/","og_site_name":"Senia de don pedro","article_modified_time":"2025-05-15T14:29:38+00:00","twitter_card":"summary_large_image","twitter_misc":{"Est. reading time":"5 minutes"},"schema":{"@context":"https:\/\/schema.org","@graph":[{"@type":"WebPage","@id":"https:\/\/www.seniadedonpedro.com\/en\/politica-de-cookies\/","url":"https:\/\/www.seniadedonpedro.com\/en\/politica-de-cookies\/","name":"POL\u00cdTICA DE COOKIES - Senia de don pedro","isPartOf":{"@id":"https:\/\/www.seniadedonpedro.com\/en\/#website"},"datePublished":"2025-04-28T08:35:27+00:00","dateModified":"2025-05-15T14:29:38+00:00","breadcrumb":{"@id":"https:\/\/www.seniadedonpedro.com\/en\/politica-de-cookies\/#breadcrumb"},"inLanguage":"en-US","potentialAction":[{"@type":"ReadAction","target":["https:\/\/www.seniadedonpedro.com\/en\/politica-de-cookies\/"]}]},{"@type":"BreadcrumbList","@id":"https:\/\/www.seniadedonpedro.com\/en\/politica-de-cookies\/#breadcrumb","itemListElement":[{"@type":"ListItem","position":1,"name":"Home","item":"https:\/\/www.seniadedonpedro.com\/en\/home\/"},{"@type":"ListItem","position":2,"name":"POL\u00cdTICA DE COOKIES"}]},{"@type":"WebSite","@id":"https:\/\/www.seniadedonpedro.com\/en\/#website","url":"https:\/\/www.seniadedonpedro.com\/en\/","name":"Senia de don pedro","description":"","potentialAction":[{"@type":"SearchAction","target":{"@type":"EntryPoint","urlTemplate":"https:\/\/www.seniadedonpedro.com\/en\/?s={search_term_string}"},"query-input":{"@type":"PropertyValueSpecification","valueRequired":true,"valueName":"search_term_string"}}],"inLanguage":"en-US"}]}},"_links":{"self":[{"href":"https:\/\/www.seniadedonpedro.com\/en\/wp-json\/wp\/v2\/pages\/1213","targetHints":{"allow":["GET"]}}],"collection":[{"href":"https:\/\/www.seniadedonpedro.com\/en\/wp-json\/wp\/v2\/pages"}],"about":[{"href":"https:\/\/www.seniadedonpedro.com\/en\/wp-json\/wp\/v2\/types\/page"}],"author":[{"embeddable":true,"href":"https:\/\/www.seniadedonpedro.com\/en\/wp-json\/wp\/v2\/users\/1"}],"replies":[{"embeddable":true,"href":"https:\/\/www.seniadedonpedro.com\/en\/wp-json\/wp\/v2\/comments?post=1213"}],"version-history":[{"count":1,"href":"https:\/\/www.seniadedonpedro.com\/en\/wp-json\/wp\/v2\/pages\/1213\/revisions"}],"predecessor-version":[{"id":1214,"href":"https:\/\/www.seniadedonpedro.com\/en\/wp-json\/wp\/v2\/pages\/1213\/revisions\/1214"}],"wp:attachment":[{"href":"https:\/\/www.seniadedonpedro.com\/en\/wp-json\/wp\/v2\/media?parent=1213"}],"curies":[{"name":"wp","href":"https:\/\/api.w.org\/{rel}","templated":true}]}}