{"id":1215,"date":"2025-04-28T10:35:49","date_gmt":"2025-04-28T08:35:49","guid":{"rendered":"https:\/\/www.seniadedonpedro.com\/politica-de-privacitat\/"},"modified":"2025-05-15T16:31:14","modified_gmt":"2025-05-15T14:31:14","slug":"politica-de-privacitat","status":"publish","type":"page","link":"https:\/\/www.seniadedonpedro.com\/en\/politica-de-privacitat\/","title":{"rendered":"POL\u00cdTICA DE PRIVACITAT"},"content":{"rendered":"\n<p><strong>Ricard Rallo<\/strong>, d\u2019ara endavant RESPONSABLE, \u00e9s el responsable de l\u2019tractament de les dades personals de l\u2019Usuari i l\u2019informa que aquestes dades seran tractades de conformitat amb el que disposa el Reglament (UE) 2016\/679 de 27 d\u2019abril de 2016 (GDPR) relatiu a la protecci\u00f3 de les persones f\u00edsiques pel que fa a el tractament de dades personals ia la lliure circulaci\u00f3 d\u2019aquestes dades, per la qual cosa li facilita la seg\u00fcent informaci\u00f3 de l\u2019tractament:<\/p>\n\n<p><strong>Fi del tractament<\/strong><br\/>Mantenir una relaci\u00f3 comercial amb l\u2019Usuari. Les operacions previstes per realitzar el tractament s\u00f3n: <\/p>\n\n<ul class=\"wp-block-list\">\n<li>Remissi\u00f3 de comunicacions comercials publicit\u00e0ries per e-mail, fax, SMS, MMS, comunitats socials o qualsevol altre mitj\u00e0 electr\u00f2nic o f\u00edsic, present o futur, que possibiliti realitzar comunicacions comercials. Aquestes comunicacions seran realitzades pel RESPONSABLE i relacionades sobre els seus productes i serveis, o dels seus col\u00b7laboradors o prove\u00efdors amb els que aquest hagi arribat a algun acord de promoci\u00f3. En aquest cas, els tercers mai tindran acc\u00e9s a les dades personals.  <\/li>\n\n\n\n<li>Realitzar estudis estad\u00edstics.<\/li>\n\n\n\n<li>Tramitar enc\u00e0rrecs de peticions o qualsevol tipus de petici\u00f3 que sigui realitzada per l\u2019usuari a trav\u00e9s de qualsevol de les formes de contacte que es posen a la seva disposici\u00f3.<\/li>\n\n\n\n<li>Remetre el butllet\u00ed de not\u00edcies de la p\u00e0gina web.<\/li>\n<\/ul>\n\n<p><strong>Base jur\u00eddica de l\u2019tractament<\/strong>: consentimient del interessat.<\/p>\n\n<p><strong>Criteris de conservaci\u00f3 de les dades<\/strong><br\/>Es conservaran mentre hi hagi un inter\u00e8s mutu per mantenir el cap de l\u2019tractament i quan ja no sigui necessari per a tal fi, es suprimiran amb mesures de seguretat adequades per garantir la seudonimizaci\u00f3n de les dades o la destrucci\u00f3 total dels mateixos.<\/p>\n\n<p><strong>Comunicaci\u00f3 de les dades<\/strong>: No es comunicaran les dades a tercers, excepte obligaci\u00f3 legal.<\/p>\n\n<p><strong>Drets que assissteixen a l\u2019Usuari<\/strong>:<\/p>\n\n<ul class=\"wp-block-list\">\n<li>Dret a retirar el consentiment en qualsevol moment.<\/li>\n\n\n\n<li>Dret d\u2019acc\u00e9s, rectificaci\u00f3, portabilitat i supressi\u00f3 de les seves dades i de la limitaci\u00f3 o oposici\u00f3 a l\u2019el seu tractament.<\/li>\n\n\n\n<li>Dret a presentar una reclamaci\u00f3 davant l\u2019autoritat de control (www.aepd.es) si considera que el tractament no s\u2019ajusta a la normativa vigent.<\/li>\n<\/ul>\n\n<p><strong>Dades de contacte per exercir els seus drets<\/strong>:<\/p>\n\n<p>Direcci\u00f3 postal: C\/ Avinguda de la Generalitat 60, Horta de Sant Joan<\/p>\n\n<p>Email: info@seniadedonpedro.com<\/p>\n\n<ol start=\"2\" class=\"wp-block-list\">\n<li><strong>CAR\u00c0CTER OBLIGATORI O FACULTATIU DE LA INFORMACI\u00d3 FACILITADA PER L\u2019USUARI<\/strong><\/li>\n<\/ol>\n\n<p>Els Usuaris, mitjan\u00e7ant la marcaci\u00f3 de les caselles corresponents i entrada de dades en els camps, marcats amb un asterisc (*) en el formulari de contacte o presentats en formularis de desc\u00e0rrega, accepten expressament i de forma lliure i inequ\u00edvoca, que les seves dades s\u00f3n necessaris per atendre la seva petici\u00f3, per part de prestador, sent volunt\u00e0ria la inclusi\u00f3 de dades en els camps restants. L\u2019Usuari garanteix que les dades personals facilitades a l\u2019RESPONSABLE s\u00f3n veraces i es fa responsable de comunicar qualsevol modificaci\u00f3 de les mateixes. El RESPONSABLE informa i garanteix expressament als usuaris que les seves dades personals no seran cedides en cap cas a tercers, i que sempre que realitz\u00e9s algun tipus de cessi\u00f3 de dades personals, es demanar\u00e0 pr\u00e8viament el consentiment expr\u00e9s, informat i inequ\u00edvoc per part dels Usuaris . Totes les dades sol\u00b7licitades a trav\u00e9s del lloc web s\u00f3n obligatoris, ja que s\u00f3n necessaris per a la prestaci\u00f3 d\u2019un servei \u00f2ptim a l\u2019usuari. En cas que no siguin facilitades totes les dades, no es garanteix que la informaci\u00f3 i serveis facilitats siguin completament ajustats a les seves necessitats.    <\/p>\n\n<ol start=\"3\" class=\"wp-block-list\">\n<li><strong>MESURES DE SEGURETAT<\/strong><\/li>\n<\/ol>\n\n<p>Que de conformitat amb el que disposen les normatives vigents en protecci\u00f3 de dades personals, el RESPONSABLE est\u00e0 complint amb totes les disposicions de les normatives GDPR per al tractament de les dades personals de la seva responsabilitat, i manifestament amb els principis descrits en l\u2019article 5 de l\u2019 GDPR, pels quals s\u00f3n tractats de manera l\u00edcita, lleial i transparent en relaci\u00f3 amb l\u2019interessat i adequades, pertinents i limitats al que \u00e9s necessari en relaci\u00f3 amb els fins per als quals s\u00f3n tractats.<\/p>\n\n<p>El RESPONSABLE garanteix que ha implementat pol\u00edtiques t\u00e8cniques i organitzatives apropiades per aplicar les mesures de seguretat que estableixen el GDPR per tal de protegir els drets i llibertats dels Usuaris i els ha comunicat la informaci\u00f3 adequada perqu\u00e8 puguin exercir-los<\/p>\n","protected":false},"excerpt":{"rendered":"<p>Ricard Rallo, d\u2019ara endavant RESPONSABLE, \u00e9s el responsable de l\u2019tractament de les dades personals de l\u2019Usuari i l\u2019informa que aquestes dades seran tractades de conformitat amb<span class=\"excerpt-hellip\"> [\u2026]<\/span><\/p>\n","protected":false},"author":1,"featured_media":0,"parent":0,"menu_order":0,"comment_status":"closed","ping_status":"closed","template":"","meta":{"footnotes":""},"class_list":["post-1215","page","type-page","status-publish","hentry"],"yoast_head":"<!-- This site is optimized with the Yoast SEO plugin v25.0 - https:\/\/yoast.com\/wordpress\/plugins\/seo\/ -->\n<title>POL\u00cdTICA DE PRIVACITAT - Senia de don pedro<\/title>\n<meta name=\"robots\" content=\"index, follow, max-snippet:-1, max-image-preview:large, max-video-preview:-1\" \/>\n<link rel=\"canonical\" href=\"https:\/\/www.seniadedonpedro.com\/en\/politica-de-privacitat\/\" \/>\n<meta property=\"og:locale\" content=\"en_US\" \/>\n<meta property=\"og:type\" content=\"article\" \/>\n<meta property=\"og:title\" content=\"POL\u00cdTICA DE PRIVACITAT - Senia de don pedro\" \/>\n<meta property=\"og:description\" content=\"Ricard Rallo, d\u2019ara endavant RESPONSABLE, \u00e9s el responsable de l\u2019tractament de les dades personals de l\u2019Usuari i l\u2019informa que aquestes dades seran tractades de conformitat amb [\u2026]\" \/>\n<meta property=\"og:url\" content=\"https:\/\/www.seniadedonpedro.com\/en\/politica-de-privacitat\/\" \/>\n<meta property=\"og:site_name\" content=\"Senia de don pedro\" \/>\n<meta property=\"article:modified_time\" content=\"2025-05-15T14:31:14+00:00\" \/>\n<meta name=\"twitter:card\" content=\"summary_large_image\" \/>\n<meta name=\"twitter:label1\" content=\"Est. reading time\" \/>\n\t<meta name=\"twitter:data1\" content=\"4 minutes\" \/>\n<script type=\"application\/ld+json\" class=\"yoast-schema-graph\">{\"@context\":\"https:\/\/schema.org\",\"@graph\":[{\"@type\":\"WebPage\",\"@id\":\"https:\/\/www.seniadedonpedro.com\/en\/politica-de-privacitat\/\",\"url\":\"https:\/\/www.seniadedonpedro.com\/en\/politica-de-privacitat\/\",\"name\":\"POL\u00cdTICA DE PRIVACITAT - Senia de don pedro\",\"isPartOf\":{\"@id\":\"https:\/\/www.seniadedonpedro.com\/en\/#website\"},\"datePublished\":\"2025-04-28T08:35:49+00:00\",\"dateModified\":\"2025-05-15T14:31:14+00:00\",\"breadcrumb\":{\"@id\":\"https:\/\/www.seniadedonpedro.com\/en\/politica-de-privacitat\/#breadcrumb\"},\"inLanguage\":\"en-US\",\"potentialAction\":[{\"@type\":\"ReadAction\",\"target\":[\"https:\/\/www.seniadedonpedro.com\/en\/politica-de-privacitat\/\"]}]},{\"@type\":\"BreadcrumbList\",\"@id\":\"https:\/\/www.seniadedonpedro.com\/en\/politica-de-privacitat\/#breadcrumb\",\"itemListElement\":[{\"@type\":\"ListItem\",\"position\":1,\"name\":\"Home\",\"item\":\"https:\/\/www.seniadedonpedro.com\/en\/home\/\"},{\"@type\":\"ListItem\",\"position\":2,\"name\":\"POL\u00cdTICA DE PRIVACITAT\"}]},{\"@type\":\"WebSite\",\"@id\":\"https:\/\/www.seniadedonpedro.com\/en\/#website\",\"url\":\"https:\/\/www.seniadedonpedro.com\/en\/\",\"name\":\"Senia de don pedro\",\"description\":\"\",\"potentialAction\":[{\"@type\":\"SearchAction\",\"target\":{\"@type\":\"EntryPoint\",\"urlTemplate\":\"https:\/\/www.seniadedonpedro.com\/en\/?s={search_term_string}\"},\"query-input\":{\"@type\":\"PropertyValueSpecification\",\"valueRequired\":true,\"valueName\":\"search_term_string\"}}],\"inLanguage\":\"en-US\"}]}<\/script>\n<!-- \/ Yoast SEO plugin. -->","yoast_head_json":{"title":"POL\u00cdTICA DE PRIVACITAT - Senia de don pedro","robots":{"index":"index","follow":"follow","max-snippet":"max-snippet:-1","max-image-preview":"max-image-preview:large","max-video-preview":"max-video-preview:-1"},"canonical":"https:\/\/www.seniadedonpedro.com\/en\/politica-de-privacitat\/","og_locale":"en_US","og_type":"article","og_title":"POL\u00cdTICA DE PRIVACITAT - Senia de don pedro","og_description":"Ricard Rallo, d\u2019ara endavant RESPONSABLE, \u00e9s el responsable de l\u2019tractament de les dades personals de l\u2019Usuari i l\u2019informa que aquestes dades seran tractades de conformitat amb [\u2026]","og_url":"https:\/\/www.seniadedonpedro.com\/en\/politica-de-privacitat\/","og_site_name":"Senia de don pedro","article_modified_time":"2025-05-15T14:31:14+00:00","twitter_card":"summary_large_image","twitter_misc":{"Est. reading time":"4 minutes"},"schema":{"@context":"https:\/\/schema.org","@graph":[{"@type":"WebPage","@id":"https:\/\/www.seniadedonpedro.com\/en\/politica-de-privacitat\/","url":"https:\/\/www.seniadedonpedro.com\/en\/politica-de-privacitat\/","name":"POL\u00cdTICA DE PRIVACITAT - Senia de don pedro","isPartOf":{"@id":"https:\/\/www.seniadedonpedro.com\/en\/#website"},"datePublished":"2025-04-28T08:35:49+00:00","dateModified":"2025-05-15T14:31:14+00:00","breadcrumb":{"@id":"https:\/\/www.seniadedonpedro.com\/en\/politica-de-privacitat\/#breadcrumb"},"inLanguage":"en-US","potentialAction":[{"@type":"ReadAction","target":["https:\/\/www.seniadedonpedro.com\/en\/politica-de-privacitat\/"]}]},{"@type":"BreadcrumbList","@id":"https:\/\/www.seniadedonpedro.com\/en\/politica-de-privacitat\/#breadcrumb","itemListElement":[{"@type":"ListItem","position":1,"name":"Home","item":"https:\/\/www.seniadedonpedro.com\/en\/home\/"},{"@type":"ListItem","position":2,"name":"POL\u00cdTICA DE PRIVACITAT"}]},{"@type":"WebSite","@id":"https:\/\/www.seniadedonpedro.com\/en\/#website","url":"https:\/\/www.seniadedonpedro.com\/en\/","name":"Senia de don pedro","description":"","potentialAction":[{"@type":"SearchAction","target":{"@type":"EntryPoint","urlTemplate":"https:\/\/www.seniadedonpedro.com\/en\/?s={search_term_string}"},"query-input":{"@type":"PropertyValueSpecification","valueRequired":true,"valueName":"search_term_string"}}],"inLanguage":"en-US"}]}},"_links":{"self":[{"href":"https:\/\/www.seniadedonpedro.com\/en\/wp-json\/wp\/v2\/pages\/1215","targetHints":{"allow":["GET"]}}],"collection":[{"href":"https:\/\/www.seniadedonpedro.com\/en\/wp-json\/wp\/v2\/pages"}],"about":[{"href":"https:\/\/www.seniadedonpedro.com\/en\/wp-json\/wp\/v2\/types\/page"}],"author":[{"embeddable":true,"href":"https:\/\/www.seniadedonpedro.com\/en\/wp-json\/wp\/v2\/users\/1"}],"replies":[{"embeddable":true,"href":"https:\/\/www.seniadedonpedro.com\/en\/wp-json\/wp\/v2\/comments?post=1215"}],"version-history":[{"count":1,"href":"https:\/\/www.seniadedonpedro.com\/en\/wp-json\/wp\/v2\/pages\/1215\/revisions"}],"predecessor-version":[{"id":1216,"href":"https:\/\/www.seniadedonpedro.com\/en\/wp-json\/wp\/v2\/pages\/1215\/revisions\/1216"}],"wp:attachment":[{"href":"https:\/\/www.seniadedonpedro.com\/en\/wp-json\/wp\/v2\/media?parent=1215"}],"curies":[{"name":"wp","href":"https:\/\/api.w.org\/{rel}","templated":true}]}}